{"id":122,"date":"2023-11-06T11:49:09","date_gmt":"2023-11-06T11:49:09","guid":{"rendered":"https:\/\/www.sipdv.es\/?page_id=122"},"modified":"2023-11-08T14:53:24","modified_gmt":"2023-11-08T14:53:24","slug":"politica-de-privacidad","status":"publish","type":"page","link":"https:\/\/www.sipdv.es\/index.php\/politica-de-privacidad\/","title":{"rendered":"Pol\u00edtica de privacidad"},"content":{"rendered":"<h4 style=\"text-align: center;\">POL\u00cdTICA DE PRIVACIDAD<\/h4>\n<h4 style=\"text-align: center;\">INFORMACI\u00d3N B\u00c1SICA SOBRE PROTECCI\u00d3N DE DATOS<\/h4>\n<h6>RESPONSABLE DEL TRATAMIENTO:<\/h6>\n<p>SERVICIO INTEGRAL PUNTO DE VENTA, S.L. (en adelante, \u201cSIPdV\u201d) y con domicilio Pol\u00edgono Industrial Sector 13, C\/ Hostalers, 51 (46394 Riba-roja de Turia), Valencia. Con n\u00famero de NIF: B98551856. Inscrita en el Registro Mercantil de Madrid, Tomo 9718, Libro 7000, folio 44, hoja n\u00famero V156957, inscripci\u00f3n 1\u00aa<\/p>\n<h6>FINALIDAD DEL TRATAMIENTO Y CONSERVACI\u00d3N:<\/h6>\n<p>La adecuada organizaci\u00f3n y\/o prestaci\u00f3n y\/o difusi\u00f3n de los servicios que ofrecemos por medio de nuestra p\u00e1gina web sipdv.com Los datos personales proporcionados se conservar\u00e1n mientras el titular de los mismos permanezca vinculado a nosotros por relaci\u00f3n contractual y no se solicite su supresi\u00f3n por el interesado. Posteriormente, los datos ser\u00e1n suprimidos conforme a lo dispuesto en la normativa de protecci\u00f3n de datos, lo que implica su bloqueo, estando disponibles tan solo a solicitud de Jueces y Tribunales, Defensor del Pueblo, Ministerio Fiscal o las Administraciones P\u00fablicas competentes, durante el plazo de prescripci\u00f3n de las acciones que se pudieran derivar y, transcurrido \u00e9ste, se proceder\u00e1 a su completa eliminaci\u00f3n.<\/p>\n<h6>LEGITIMACI\u00d3N DEL TRATAMIENTO:<\/h6>\n<p>El fundamento que legitima tratar sus datos personales es: &#8211; La ejecuci\u00f3n del contrato y\/o los servicios que se presten por SIPdV, S.L. o el cumplimiento de una obligaci\u00f3n legal. &#8211; Dar respuesta a sus consultas efectuadas a trav\u00e9s de nuestra p\u00e1gina web. Facilitar datos personales para este fin es opcional, pero el hecho de no proporcionar dichos datos imposibilitar\u00eda activar los servicios solicitados. &#8211; El env\u00edo de comunicaciones comerciales, para lo cual se requiere su previo consentimiento. Usted siempre puede oponerse al tratamiento comunic\u00e1ndolo por medio de correo electr\u00f3nico a: lopd@sipdv.es<\/p>\n<h6>DESTINATARIOS DE CENSIONES O TRANSFERENCIAS:<\/h6>\n<p>Los datos personales necesarios para prestar el servicio ser\u00e1n compartidos por nuestros proveedores cuando as\u00ed lo requiera el servicio solicitado, en cuyo caso estar\u00e1 informado de los destinatarios, la finalidad y el tiempo de conservaci\u00f3n de sus datos. Transferencia de datos personales: Sus datos personales se encuentran almacenados en servidores seguros dentro del Espacio Econ\u00f3mico Europeo, por tanto no se realizan transferencias internacionales de datos. SIPdV, S.L.\u00a0 garantiza que el tratamiento de sus datos personales se realiza de conformidad con el Reglamento UE 2016\/679 de Protecci\u00f3n de Datos Personales.<\/p>\n<h6>DERECHOS DE LAS PERSONAS INTERESADAS:<\/h6>\n<p>Los titulares de los datos tienen derecho a ejercitar gratuitamente los derechos para acceder, rectificar o eliminar los datos personales que recopilamos. Tambi\u00e9n tienen derecho a limitar u oponerse, en cualquier momento, al procesamiento de sus datos personales y a solicitar la portabilidad de los datos, mediante escrito dirigido por correo electr\u00f3nico a la direcci\u00f3n: <a href=\"mailto:lopd@sipdv.es\">lopd@sipdv.es<\/a><\/p>\n<h6>PROCEDENCIA DE LOS DATOS:<\/h6>\n<p>Los datos que tratamos nos han sido facilitados directamente por usted.<\/p>\n<h6>INFORMACI\u00d3N ADICIONAL:<\/h6>\n<p>Puede consultar la informaci\u00f3n adicional y detallada sobre Protecci\u00f3n de Datos en la direcci\u00f3n de la Agencia Espa\u00f1ola de Protecci\u00f3n de Datos <a href=\"https:\/\/www.aepd.es\/\">https:\/\/www.aepd.es\/<\/a><\/p>\n<h4 style=\"text-align: center;\">POL\u00cdTICA DE PRIVACIDAD<\/h4>\n<p>Por medio del presente aviso le informamos sobre nuestra Pol\u00edtica de Protecci\u00f3n de Datos Personales, sobre como tratamos sus datos personales cuando usted usa nuestros servicios y sobre c\u00f3mo puede otorgar su consentimiento expreso, voluntario, informado y consciente.<\/p>\n<p>Por medio de las diferentes secciones del site web de <strong>SIPdV, S.L.<\/strong>. (www. sipdv.es) desde donde recopilamos sus datos personales se le informa de conformidad con el Reglamento UE 2016\/679 (en adelante: \u00abReglamento\u00bb), para su necesaria lectura por usted antes de la entrega de los datos solicitados.<\/p>\n<p>La informaci\u00f3n y los datos proporcionados por usted o adquiridos durante su registro o alta de contacto de <strong>SIPdV, S.L.<\/strong>. (correo electr\u00f3nico, datos identificativos), o aquellos otros que se requieran para la finalidad de prestarle nuestros servicios, ser\u00e1n tratados de acuerdo con las normas del Reglamento y con las obligaciones de confidencialidad de <strong>SIPdV, S.L.<\/strong>. Sus datos personales ser\u00e1n tratados conforme a los principios de legalidad, confidencialidad, prop\u00f3sito y l\u00edmites de retenci\u00f3n de datos, minimizaci\u00f3n de datos, correcci\u00f3n, transparencia, precisi\u00f3n, e integridad que indica el Reglamento.<\/p>\n<p>Le recomendamos que lea detenidamente esta Pol\u00edtica de Privacidad, cuyo contenido e informaci\u00f3n es importante para comprender cu\u00e1l es nuestra pr\u00e1ctica respecto al tratamiento de los datos de car\u00e1cter personal proporcionados o que recopilemos de otro modo por medio de nuestro site web www.sipdv.es (en adelante, \u00abDatos Personales\u00bb).<\/p>\n<h6>1.- RESPONSABLE DE LOS DATOS Y DELEGADO DE PROTECCI\u00d3N DE DATOS<\/h6>\n<p>El Responsable del Tratamiento de Datos es <strong>SIPdV, S.L.<\/strong>, con domicilio <strong>Pol\u00edgono Industrial Sector 13, C\/ Hostalers, 51 (46394 Riba-roja de Turia), Valencia<\/strong> con n\u00famero de <strong>CIF: B98551856<\/strong>. Inscrita en el <strong>Registro Mercantil Tomo 9718, Libro 7000, folio 44, hoja n\u00famero V156957, inscripci\u00f3n 1\u00aa.<\/strong><\/p>\n<p>SIPDV cuenta con un Delegado de Protecci\u00f3n de Datos (DPO), que est\u00e1 disponible para cualquier informaci\u00f3n relativa al tratamiento de datos personales que usted quiera conocer. Puede usted contactar con el DPO designado al efecto escribiendo a <a href=\"mailto:lopd@sipdv.es\">lopd@sipdv.es<\/a><\/p>\n<h6>2.- TRATAMIENTO DE DATOS PERSONALES<\/h6>\n<p>Por \u00abtratamiento de datos personales\u00bb se entender\u00e1 cualquier operaci\u00f3n o conjunto de operaciones realizadas con o sin la ayuda de procesos automatizados y aplicadas a datos personales o conjuntos de datos personales, tales como recopilaci\u00f3n, registro, organizaci\u00f3n, estructuraci\u00f3n, almacenamiento, adaptaci\u00f3n o modificaci\u00f3n, extracci\u00f3n, consulta, uso, comunicaci\u00f3n por transmisi\u00f3n, difusi\u00f3n o cualquier otra forma de puesta a disposici\u00f3n, comparaci\u00f3n o interconexi\u00f3n, limitaci\u00f3n, cancelaci\u00f3n o destrucci\u00f3n. En particular, los Datos Personales objeto de tratamiento por parte de SIPDV son los siguientes:<\/p>\n<h6>2.1. Datos facilitados por el interesado:<\/h6>\n<p>Los datos personales que usted comparte con nosotros cuando contrata nuestros servicios, cuando nos contacte por medio del Canal de Denuncias, nos env\u00eda sus datos de contacto para efectuar consultas por medio de nuestra p\u00e1gina web o como persona de contacto al formar parte de nuestros proveedores. Utilizaremos los datos personales \u00fanica y estrictamente en la medida de lo necesario para satisfacer tu solicitud. Al utilizar los servicios de SIPDV podr\u00eda producirse el tratamiento de datos personales de terceros enviados por usted. En este caso, usted debe contar con la autorizaci\u00f3n de la persona en cuesti\u00f3n, asumiendo todas las obligaciones y responsabilidades legales. En este sentido, usted se compromete a mantener indemne a SIPDV en relaci\u00f3n con cualquier disputa, reclamaci\u00f3n, solicitud de compensaci\u00f3n por da\u00f1os del tratamiento que pueda llegar a SIPDV por parte de terceros cuyos datos personales se hayan tratado a trav\u00e9s del uso que haya hecho usted de nuestros servicios, con vulneraci\u00f3n de las normas aplicables sobre protecci\u00f3n de datos personales. En cualquier caso, si usted proporciona o de cualquier otro modo trata datos personales de terceros al usar el servicio, usted garantiza que el tratamiento tiene siempre una base legal apropiada (como por ejemplo el consentimiento del interesado) de conformidad con el Reglamento, lo que legitima el tratamiento de la informaci\u00f3n en cuesti\u00f3n.<\/p>\n<p>Los datos personales mencionados se solicitan cuando es necesario para el adecuado cumplimiento del contrato (servicios) y, a su vez, para que podamos observar nuestras obligaciones legales. Sin ellos, podr\u00edamos vernos imposibilitados de prestarle los servicios que nos solicite. Es importante que todos los datos personales que comunique cuando nos contacta por medio de nuestra site web o nos env\u00eda un correo electr\u00f3nico o mensaje SMS sean correctos y precisos.<\/p>\n<h6>2.2.- Datos de Navegaci\u00f3n:<\/h6>\n<p>Se trata de Datos Personales cuya transmisi\u00f3n se considera impl\u00edcita en el uso de los protocolos de comunicaci\u00f3n de Internet que los sistemas inform\u00e1ticos y los procedimientos de software que se utilizan para operar el site web de SIPDV. Esta informaci\u00f3n no se recopila para ser asociada con personas identificadas o identificables, pero podr\u00eda, a trav\u00e9s del procesamiento y la asociaci\u00f3n con los datos en poder de terceros, permitir que los usuarios fueran identificados. Este tipo de datos pueden incluir: direcciones IP, nombres de dominio de los dispositivos que se conecten al Site, las direcciones en el Identificador Uniforme de Recursos (URI), el momento y m\u00e9todo de env\u00edo de la solicitud al servidor, el tama\u00f1o del archivo obtenido en respuesta, el c\u00f3digo del estado de la respuesta dada por el servidor y otros datos sobre el sistema operativo y el entorno del dispositivo del usuario. La finalidad es disponer de informaci\u00f3n estad\u00edstica an\u00f3nima sobre el uso de nuestro site web, verificar su funcionamiento, identificar anomal\u00edas o abusos, y se eliminan despu\u00e9s del tratamiento. Tambi\u00e9n podr\u00edan utilizarse para determinar la responsabilidad en caso de posibles delitos inform\u00e1ticos contra el site web o contra terceros.<\/p>\n<h6>3.- BASE LEGAL.<\/h6>\n<p>3.1.- Para crear y\/o mantener la relaci\u00f3n contractual establecida para la prestaci\u00f3n del Servicio solicitado por usted en todas sus fases, as\u00ed como enviarle informaci\u00f3n (por medio de correo electr\u00f3nico, tel\u00e9fono, SMS, RRSS) relativa a la relaci\u00f3n contractual establecida.<\/p>\n<p>3.2.- Para observar los requisitos legales, normativos y de cumplimiento y responder a las solicitudes del Jueces y Tribunales, Defensor del Pueblo, Ministerio Fiscal o las Administraciones P\u00fablicas competentes que llevan adelante una investigaci\u00f3n.<\/p>\n<p>3.3.- Para llevar a cabo an\u00e1lisis estad\u00edsticos a los efectos de ver c\u00f3mo se usa nuestro site web o nuestros servicios y poder medir el desarrollo del negocio de SIPDV.<\/p>\n<p>3.4.- Conforme a nuestro inter\u00e9s leg\u00edtimo, para mejora de nuestro site web, sus funcionalidades y nuestros servicios.<\/p>\n<p>3.5.- Conforme a nuestro inter\u00e9s leg\u00edtimo, para cumplir con nuestros t\u00e9rminos y condiciones, proteger nuestros derechos en caso de controversia o reclamo.<\/p>\n<p>3.6.- Cuando lo permita la ley -salvo su expresa negativa- para comunicarle promociones (mediante correo electr\u00f3nico, SMS u otra comunicaci\u00f3n electr\u00f3nica equivalente) relativas a productos y servicios similares a los que usted haya adquirido con nosotros.<\/p>\n<p>3.7.- Para enviarle, con su previo consentimiento (mediante correo electr\u00f3nico, SMS u otra comunicaci\u00f3n electr\u00f3nica equivalente) ofertas sobre productos y servicios que pensamos que le podr\u00edan interesar y que son comercializados por nosotros o nuestros socios comerciales en los sectores de servicio de suministro de nuestros productos a hoteles, restaurantes, cafeter\u00edas y en general a todos aquellos sectores vinculados con los anteriores: tur\u00edstico, tiempo libre, ocio, (ver secci\u00f3n de nuestro site web \u00abServicios\u00bb).<\/p>\n<p>3.8.- Para garantizar la seguridad de nuestro site web y sistemas y evitar o detectar fraudes, incidentes de seguridad u otros delitos.<\/p>\n<p>3.9.- Para personalizar comunicaciones de marketing y promociones en l\u00ednea que le ofrecemos seg\u00fan la informaci\u00f3n acerca de c\u00f3mo utiliza nuestro site web, nuestros productos y servicios.<\/p>\n<h6>4.- DESTINATARIOS DE LOS DATOS.<\/h6>\n<p>4.1.- Nuestros empleados y\/o colaboradores autorizados que prestan servicios de asistencia y consultor\u00eda en las \u00e1reas de administraci\u00f3n, producto, asesor\u00eda jur\u00eddica, Servicio Atenci\u00f3n al Cliente y sistemas inform\u00e1ticos, as\u00ed como los encargados del mantenimiento de nuestra red y los equipos de hardware y software, consultoras comerciales, profesionales que prestan servicios de auditor\u00eda legal o eval\u00faan el valor y las capacidades del negocio, cuando se necesite para una venta de nuestra compa\u00f1\u00eda o sus bienes.<\/p>\n<p>4.2.- Nuestros proveedores de servicios accesorios que en su condici\u00f3n de encargados del tratamiento de datos procesan sus datos personales, tales como podr\u00edan ser prestadores de servicio de atenci\u00f3n al cliente, de tecnolog\u00eda inform\u00e1tica y alojamiento web, servicios de an\u00e1lisis.<\/p>\n<p>4.3.- Cualquier otro tercero a quien se deba comunicar sus datos personales para que se preste el servicio solicitado.<\/p>\n<p>4.4.- Las redes sociales cuando inicia sesi\u00f3n mediante dichas redes sociales.<\/p>\n<p>4.5. Las autoridades competentes cuando as\u00ed nos lo exigen en cumplimiento de la normativa vigente. Tambi\u00e9n en el caso de que necesitemos hacer cumplir nuestros derechos o de un tercero se lo podremos comunicar a las autoridades u organismos de seguridad.<\/p>\n<p>4.6.- Transmisi\u00f3n internacional de datos Los datos personales de los Usuarios y\/o Clientes de SIPDV se procesan en servidores propios dentro del territorio del Espacio Econ\u00f3mico Europeo (EEE). Por lo que no tienen la condici\u00f3n de transmisi\u00f3n internacional el tratamiento de sus datos por parte de SIPDV<\/p>\n<h6>5.- TIEMPO DE CONSERVACI\u00d3N DE LOS DATOS<\/h6>\n<p>Conservamos sus datos personales durante el tiempo requerido para llevar a cabo las actividades indicadas en esta Pol\u00edtica de Privacidad, cumplir los objetivos o una obligaci\u00f3n legal.<\/p>\n<h6>6.- DERECHOS QUE PUEDE EJERCER Y COMO EJERCERLOS<\/h6>\n<p>-. Derecho de acceso.<\/p>\n<p>-. Derecho a recibir informaci\u00f3n sobre la existencia de sus datos personales y obtener copia.<\/p>\n<p>-. Derecho a actualizar, rectificar y\/o corregir sus datos personales.<\/p>\n<p>-. Derecho de supresi\u00f3n y derecho de limitaci\u00f3n de uso de sus datos.<\/p>\n<p>-. Derecho a la portabilidad de sus datos personales en un formato legible por m\u00e1quinas, de uso com\u00fan y estructurado y de solicitarnos la transmisi\u00f3n de dichos datos a otro responsable del tratamiento de datos.<\/p>\n<p>-. Derecho a retirar su consentimiento salvo que podamos tener otra motivaci\u00f3n con argumentos jur\u00eddicos para procesar dichos datos.<\/p>\n<p>-. Derecho de oposici\u00f3n en todo momento al tratamiento de sus datos personales en algunas circunstancias. Puede ejercer los derechos indicados contactando por correo electr\u00f3nico en la direcci\u00f3n lopd@sipdv.es<\/p>\n<p>-. Comunicaciones de marketing directo.<\/p>\n<p>Puede oponerse en cualquier momento en la direcci\u00f3n <a href=\"mailto:lopd@sipdv.es\">lopd@sipdv.es<\/a> o haciendo clic en el enlace \u00abdar de baja la suscripci\u00f3n\u00bb, que incluimos en las comunicaciones que le enviamos.<\/p>\n<p>Tiene derecho de presentar una reclamaci\u00f3n ante la AEPD si considera que sus datos personales no han recibido el tratamiento adecuado, si bien le recomendamos que consulte previamente con nosotros a trav\u00e9s de nuestro Delegado de Protecci\u00f3n de Datos en la direcci\u00f3n lopd@sipdv.es<\/p>\n<h6>7.- MEDIDAS DE SEGURIDAD<\/h6>\n<p>Al amparo de la normativa aplicable en materia de protecci\u00f3n de datos personales respetamos su privacidad y nos comprometemos a guardar sus Datos Personales de forma segura, as\u00ed como a gestionarlos de acuerdo con nuestras obligaciones legales en materia de privacidad y seguridad. Para ello dispondremos de las medidas t\u00e9cnicas, f\u00edsicas y organizativas necesarias para proteger sus Datos Personales contra el mal uso, destrucci\u00f3n, p\u00e9rdida, alteraci\u00f3n, divulgaci\u00f3n, adquisici\u00f3n, acceso accidental, ilegal o no autorizado.<\/p>\n<p>No obstante, usted es consciente de que las medidas de seguridad en Internet no son inexpugnables y por ello no nos responsabilizamos del acceso no autorizado o no intencionado que est\u00e9 fuera de nuestro control.<\/p>\n<h6>8.- VERSIONES DE LA POL\u00cdTICA DE PRIVACIDAD<\/h6>\n<p>SIPDV se reserva el derecho a modificar su Pol\u00edtica de Privacidad de acuerdo con su criterio, a causa de un cambio normativo o de la pr\u00e1ctica de la organizaci\u00f3n. Tales modificaciones ser\u00e1n publicadas en este site web, facilitando los recursos necesarios al usuario para acceder a la lectura de los mismos. En cualquier caso, la relaci\u00f3n con los usuarios se regir\u00e1 por las normas previstas en el momento preciso en que se accede a este site web.<\/p>\n","protected":false},"excerpt":{"rendered":"<p>POL\u00cdTICA DE PRIVACIDAD INFORMACI\u00d3N B\u00c1SICA SOBRE PROTECCI\u00d3N DE DATOS RESPONSABLE DEL TRATAMIENTO: SERVICIO INTEGRAL PUNTO DE VENTA, S.L. (en adelante,&#8230;<\/p>\n","protected":false},"author":1,"featured_media":0,"parent":0,"menu_order":0,"comment_status":"closed","ping_status":"open","template":"","meta":{"footnotes":""},"class_list":["post-122","page","type-page","status-publish"],"_links":{"self":[{"href":"https:\/\/www.sipdv.es\/index.php\/wp-json\/wp\/v2\/pages\/122","targetHints":{"allow":["GET"]}}],"collection":[{"href":"https:\/\/www.sipdv.es\/index.php\/wp-json\/wp\/v2\/pages"}],"about":[{"href":"https:\/\/www.sipdv.es\/index.php\/wp-json\/wp\/v2\/types\/page"}],"author":[{"embeddable":true,"href":"https:\/\/www.sipdv.es\/index.php\/wp-json\/wp\/v2\/users\/1"}],"replies":[{"embeddable":true,"href":"https:\/\/www.sipdv.es\/index.php\/wp-json\/wp\/v2\/comments?post=122"}],"version-history":[{"count":3,"href":"https:\/\/www.sipdv.es\/index.php\/wp-json\/wp\/v2\/pages\/122\/revisions"}],"predecessor-version":[{"id":133,"href":"https:\/\/www.sipdv.es\/index.php\/wp-json\/wp\/v2\/pages\/122\/revisions\/133"}],"wp:attachment":[{"href":"https:\/\/www.sipdv.es\/index.php\/wp-json\/wp\/v2\/media?parent=122"}],"curies":[{"name":"wp","href":"https:\/\/api.w.org\/{rel}","templated":true}]}}